{"id":1598,"date":"2018-10-24T18:30:54","date_gmt":"2018-10-24T16:30:54","guid":{"rendered":"http:\/\/making-of.biz\/legal-notice\/"},"modified":"2023-02-07T14:09:54","modified_gmt":"2023-02-07T13:09:54","slug":"legal-notice","status":"publish","type":"page","link":"https:\/\/making-of.biz\/en\/legal-notice\/","title":{"rendered":"Legal notice"},"content":{"rendered":"\t\t<div data-elementor-type=\"wp-post\" data-elementor-id=\"1598\" class=\"elementor elementor-1598 elementor-787\" data-elementor-post-type=\"page\">\n\t\t\t\t\t\t<section class=\"elementor-section elementor-top-section elementor-element elementor-element-218cead8 elementor-section-stretched elementor-section-full_width elementor-section-content-middle elementor-section-height-default elementor-section-height-default\" data-id=\"218cead8\" data-element_type=\"section\" data-settings=\"{&quot;stretch_section&quot;:&quot;section-stretched&quot;}\">\n\t\t\t\t\t\t<div class=\"elementor-container elementor-column-gap-default\">\n\t\t\t\t\t<div class=\"elementor-column elementor-col-100 elementor-top-column elementor-element elementor-element-409b43a0\" data-id=\"409b43a0\" data-element_type=\"column\">\n\t\t\t<div class=\"elementor-widget-wrap elementor-element-populated\">\n\t\t\t\t\t\t<div class=\"elementor-element elementor-element-671c16df ee-breadcrumbs-align-center elementor-widget elementor-widget-ee-breadcrumbs\" data-id=\"671c16df\" data-element_type=\"widget\" data-widget_type=\"ee-breadcrumbs.default\">\n\t\t\t\t<div class=\"elementor-widget-container\">\n\t\t\t<ul class=\"ee-breadcrumbs\" itemscope=\"\" itemtype=\"http:\/\/schema.org\/BreadcrumbList\"><\/ul>\t\t<\/div>\n\t\t\t\t<\/div>\n\t\t\t\t\t<\/div>\n\t\t<\/div>\n\t\t\t\t\t<\/div>\n\t\t<\/section>\n\t\t\t\t<section class=\"elementor-section elementor-top-section elementor-element elementor-element-33ea931d elementor-section-boxed elementor-section-height-default elementor-section-height-default\" data-id=\"33ea931d\" data-element_type=\"section\">\n\t\t\t\t\t\t<div class=\"elementor-container elementor-column-gap-default\">\n\t\t\t\t\t<div class=\"elementor-column elementor-col-100 elementor-top-column elementor-element elementor-element-11405c0e\" data-id=\"11405c0e\" data-element_type=\"column\">\n\t\t\t<div class=\"elementor-widget-wrap elementor-element-populated\">\n\t\t\t\t\t\t<div class=\"elementor-element elementor-element-148c5806 elementor-widget elementor-widget-spacer\" data-id=\"148c5806\" data-element_type=\"widget\" data-widget_type=\"spacer.default\">\n\t\t\t\t<div class=\"elementor-widget-container\">\n\t\t\t\t\t<div class=\"elementor-spacer\">\n\t\t\t<div class=\"elementor-spacer-inner\"><\/div>\n\t\t<\/div>\n\t\t\t\t<\/div>\n\t\t\t\t<\/div>\n\t\t\t\t\t<\/div>\n\t\t<\/div>\n\t\t\t\t\t<\/div>\n\t\t<\/section>\n\t\t\t\t<section class=\"elementor-section elementor-top-section elementor-element elementor-element-648eeda elementor-section-boxed elementor-section-height-default elementor-section-height-default\" data-id=\"648eeda\" data-element_type=\"section\">\n\t\t\t\t\t\t<div class=\"elementor-container elementor-column-gap-default\">\n\t\t\t\t\t<div class=\"elementor-column elementor-col-100 elementor-top-column elementor-element elementor-element-c45bbfc\" data-id=\"c45bbfc\" data-element_type=\"column\">\n\t\t\t<div class=\"elementor-widget-wrap elementor-element-populated\">\n\t\t\t\t\t\t<div class=\"elementor-element elementor-element-4067837 elementor-widget elementor-widget-heading\" data-id=\"4067837\" data-element_type=\"widget\" data-widget_type=\"heading.default\">\n\t\t\t\t<div class=\"elementor-widget-container\">\n\t\t\t<h1 class=\"elementor-heading-title elementor-size-default\">Legal notice<\/h1>\t\t<\/div>\n\t\t\t\t<\/div>\n\t\t\t\t\t<\/div>\n\t\t<\/div>\n\t\t\t\t\t<\/div>\n\t\t<\/section>\n\t\t\t\t<section class=\"elementor-section elementor-top-section elementor-element elementor-element-434510c0 elementor-section-boxed elementor-section-height-default elementor-section-height-default\" data-id=\"434510c0\" data-element_type=\"section\">\n\t\t\t\t\t\t<div class=\"elementor-container elementor-column-gap-default\">\n\t\t\t\t\t<div class=\"elementor-column elementor-col-100 elementor-top-column elementor-element elementor-element-1efaea31\" data-id=\"1efaea31\" data-element_type=\"column\">\n\t\t\t<div class=\"elementor-widget-wrap elementor-element-populated\">\n\t\t\t\t\t\t<div class=\"elementor-element elementor-element-2dae837a elementor-widget elementor-widget-spacer\" data-id=\"2dae837a\" data-element_type=\"widget\" data-widget_type=\"spacer.default\">\n\t\t\t\t<div class=\"elementor-widget-container\">\n\t\t\t\t\t<div class=\"elementor-spacer\">\n\t\t\t<div class=\"elementor-spacer-inner\"><\/div>\n\t\t<\/div>\n\t\t\t\t<\/div>\n\t\t\t\t<\/div>\n\t\t\t\t\t<\/div>\n\t\t<\/div>\n\t\t\t\t\t<\/div>\n\t\t<\/section>\n\t\t\t\t<section class=\"elementor-section elementor-top-section elementor-element elementor-element-57af5aa elementor-section-boxed elementor-section-height-default elementor-section-height-default\" data-id=\"57af5aa\" data-element_type=\"section\">\n\t\t\t\t\t\t<div class=\"elementor-container elementor-column-gap-default\">\n\t\t\t\t\t<div class=\"elementor-column elementor-col-100 elementor-top-column elementor-element elementor-element-cbb7f30\" data-id=\"cbb7f30\" data-element_type=\"column\">\n\t\t\t<div class=\"elementor-widget-wrap elementor-element-populated\">\n\t\t\t\t\t\t<div class=\"elementor-element elementor-element-9a0a28c elementor-widget elementor-widget-text-editor\" data-id=\"9a0a28c\" data-element_type=\"widget\" data-widget_type=\"text-editor.default\">\n\t\t\t\t<div class=\"elementor-widget-container\">\n\t\t\t\t\t\t\t<h2>EN \u00c9DITEUR DU SITE<\/h2>\n<p>Raison sociale : Making-of<br \/>\nSi\u00e8ge social : 7, Place \u00cele de Beaut\u00e9, 06300 Nice<br \/>\nT\u00e9l\u00e9phone :<br \/>\nDirecteur de publication :<\/p>\n<h2>CONCEPTION ET H\u00c9BERGEMENT DU SITE<\/h2>\n<p>Pix &amp; Associates<\/p>\n<p>2 Avenue Notre Dame &#8211; 06000 Nice<br \/>\nT\u00e9l: +33 (0)4 93 87 03 19<\/p>\n<h2>INFORMATIONS L\u00c9GALES<\/h2>\n<p>Vous \u00eates en train de visiter un site internet de Making-of. Les mentions l\u00e9gales qui suivent s&#8217;appliquent \u00e0 tout internaute visitant ce site. Nous vous remercions de lire attentivement ces mentions avant tout acc\u00e8s aux pages suivantes du site. Les informations regroup\u00e9es dans ce site sont uniquement destin\u00e9es \u00e0 une pr\u00e9sentation des activit\u00e9s de Making-of.<\/p>\n<p>Making-of se r\u00e9serve le droit de modifier le contenu, d&#8217;interrompre ou de suspendre tout ou partie des fonctionnalit\u00e9s du site \u00e0 tout moment et sans pr\u00e9avis. Making-of ne pourra \u00eatre tenu responsable des cons\u00e9quences de telles modifications. L&#8217;acc\u00e8s et l&#8217;utilisation de ce site sont soumis aux conditions suivantes ainsi qu&#8217;aux dispositions l\u00e9gales en vigueur. En acc\u00e9dant au site, vous acceptez, sans limitation ni r\u00e9serve, ces conditions.<\/p>\n<h2>INFORMATIQUE ET LIBERT\u00c9S | PROTECTION DES DONN\u00c9ES PERSONNELLES<\/h2>\n<p>En France et en Europe, les donn\u00e9es personnelles sont prot\u00e9g\u00e9es notamment par les textes suivants : Loi du 6 janvier 1978, article 226-13 du Code P\u00e9nal, Directive europ\u00e9enne du 24 octobre 1995. Vous pouvez trouver la Loi relative \u00e0 l&#8217;informatique, aux fichiers et aux libert\u00e9s sur le site de la Commission Nationale de l&#8217;Informatique et des Libert\u00e9s (CNIL), \u00e0 l&#8217;adresse suivante : http:\/\/www.cnil.fr.<\/p>\n<p>Making-of s&#8217;engage \u00e0 respecter le caract\u00e8re confidentiel des informations personnelles fournies par les visiteurs de ce site Internet. Vous trouverez ci-apr\u00e8s le type d&#8217;informations que Making-of est en mesure de recueillir lorsque vous visitez son site Internet, ainsi que la mani\u00e8re dont elles seront utilis\u00e9es ult\u00e9rieurement.<\/p>\n<h3>1.COLLECTE PASSIVE DE DONN\u00c9ES PERSONNELLES<\/h3>\n<p>Certaines des donn\u00e9es personnelles enregistr\u00e9es sur notre serveur sont celles que vous fournissez volontairement lorsque vous remplissez des formulaires en ligne, et les autres sont recueillies automatiquement. Making-of fera tout son possible pour am\u00e9liorer r\u00e9guli\u00e8rement son site. Pendant votre visite, certaines donn\u00e9es sont recueillies automatiquement :<\/p>\n<p>Votre adresse IP : une adresse IP est affect\u00e9e \u00e0 votre ordinateur par votre fournisseur d&#8217;acc\u00e8s Internet pour vous permettre d&#8217;acc\u00e9der \u00e0 Internet. Cette adresse est g\u00e9n\u00e9ralement consid\u00e9r\u00e9e comme une information non personnellement identifiable car elle change \u00e0 chaque fois que vous vous connectez.<br \/>\nVotre login lorsque vous naviguez dans les parties \u00e0 acc\u00e8s restreint.<br \/>\nL&#8217;adresse du site Internet \u00e0 partir de laquelle vous \u00eates directement reli\u00e9 \u00e0 ce site Internet.<br \/>\nLa date et l&#8217;heure de votre visite sur le site et les pages que vous avez consult\u00e9es.<br \/>\nLe syst\u00e8me d&#8217;exploitation de votre ordinateur et le logiciel de navigation.<br \/>\nLe site Internet Making-of.com ne fait pas usage de cookies persistants r\u00e9sidant sur votre disque dur.<\/p>\n<h3>2.USAGE DES DONN\u00c9ES COLLECT\u00c9ES<\/h3>\n<p>Making-of n&#8217;utilisera les donn\u00e9es recueillies pour r\u00e9pondre aux demandes des visiteurs du site, satisfaire aux fonctions des programmes de messagerie et signaler aux visiteurs les nouveaut\u00e9s ou les nouveaux services sur le site Internet que si les visiteurs lui en donnent express\u00e9ment l&#8217;autorisation. Making-of utilisera uniquement les donn\u00e9es personnelles aux fins qui vous ont \u00e9t\u00e9 indiqu\u00e9es au moment o\u00f9 vous les avez fournies. Les donn\u00e9es personnelles que vous aurez fournies ou r\u00e9sultant de votre navigation sur le site Internet sont r\u00e9serv\u00e9es \u00e0 un usage strictement interne \u00e0 Making-of. Les donn\u00e9es personnelles ne feront l&#8217;objet d&#8217;aucune exploitation commerciale et ne seront transmises \u00e0 quiconque \u00e0 des fins commerciales ou de prospection commerciale.<\/p>\n<h3>3.MESURES DE CONFIDENTIALIT\u00c9<\/h3>\n<p>Making-of a mis en place des ressources d\u00e9di\u00e9es permettant de stocker de mani\u00e8re s\u00fbre les informations personnelles afin d&#8217;\u00e9viter des pertes, alt\u00e9rations ou piratages. Les syst\u00e8mes de stockage ne sont accessibles que par un nombre restreint de personnes autoris\u00e9es.<\/p>\n<h3>4.ACC\u00c8S AUX DONN\u00c9ES PERSONNELLES<\/h3>\n<p>Afin de permettre l&#8217;utilisation des fonctions de personnalisation, il vous sera demand\u00e9 de fournir des donn\u00e9es personnelles (nom, adresse, email). Vous \u00eates tout \u00e0 fait libre de refuser de transmettre de telles donn\u00e9es. Il est cependant possible que vous ne soyez pas en mesure d&#8217;acc\u00e9der \u00e0 certaines fonctions ou de recevoir les informations demand\u00e9es.<\/p>\n<p>Conform\u00e9ment \u00e0 la loi n\u00b0 78-17 du 6 janvier 1978 relative \u00e0 l&#8217;informatique, aux fichiers et aux libert\u00e9s, sur simple demande de votre part et quel qu&#8217;en soit le moment, la Soci\u00e9t\u00e9 Making-of supprimera ou modifiera les donn\u00e9es personnelles que vous lui avez fournies. Si vous souhaitez acc\u00e9der \u00e0 vos donn\u00e9es personnelles, les faire modifier, rectifier ou en demander la suppression, veuillez adresser votre demande par courrier \u00e0 Making-of :<\/p>\n<p>7, Place \u00cele de Beaut\u00e9,<br \/>\n06300 Nice<\/p>\n<p>Making-of se r\u00e9serve le droit de modifier \u00e0 tout moment les r\u00e8gles de fonctionnement du site Internet \u00e9nonc\u00e9es ci-dessus.<\/p>\n<h2>INFORMATIONS NOMIVATIVES DIFFUS\u00c9ES SUR LE SITE<\/h2>\n<p>Les personnes concern\u00e9es ont \u00e9t\u00e9 inform\u00e9es de leur droit. Le droit d\u2019acc\u00e8s est imm\u00e9diat sur le site. Le droit de rectification s\u2019exerce par e-mail aux contacts mentionn\u00e9s pr\u00e9alablement<\/p>\n<h2>DROIT D\u2019AUTEUR ET COPYRIGHT<\/h2>\n<p>L\u2019ensemble de ce site rel\u00e8ve de la l\u00e9gislation fran\u00e7aise et internationale sur le droit d\u2019auteur et la propri\u00e9t\u00e9 intellectuelle. Tous les droits de reproduction sont r\u00e9serv\u00e9s, y compris pour les documents t\u00e9l\u00e9chargeables et les repr\u00e9sentations iconographiques et photographiques.<\/p>\n<p>Ces derni\u00e8res sont soit la propri\u00e9t\u00e9 de Making-of . La reproduction de tout ou partie de ce site sur quel que support que ce soit est formellement interdite sauf autorisation expresse du directeur de publication. Les marques et logos mentionn\u00e9s sur ce site sont d\u00e9pos\u00e9s par les soci\u00e9t\u00e9s ou organismes publics qui en sont propri\u00e9taires.<\/p>\n<h2>PROPRI\u00c9T\u00c9 INTELLECTUELLE<\/h2>\n<p>Toutes les images, informations au sens large, marques, logos et noms de domaine figurant sur le site sont la propri\u00e9t\u00e9 de Making-of ou font l&#8217;objet d&#8217;une autorisation d&#8217;utilisation. Toute utilisation sous forme de reproduction, modification, chargement informatique, d\u00e9naturation, transmission ou distribution partielle ou int\u00e9grale d&#8217;un document ou d&#8217;une information figurant sur le site est soumise \u00e0 l&#8217;autorisation \u00e9crite et pr\u00e9alable de Making-of \u00e0 l&#8217;exception d&#8217;une copie \u00e0 usage priv\u00e9 et non commercial et sous r\u00e9serve du respect des droits de propri\u00e9t\u00e9 intellectuelle et de tout autre droit de propri\u00e9t\u00e9 dont il est fait mention.<\/p>\n<h2>INFORMATIONS FIGURANT SUR LE SITE<\/h2>\n<p>Making-of fournit ces informations \u00e0 des fins purement informatives. Making-of s&#8217;efforce de contr\u00f4ler la v\u00e9racit\u00e9 des informations et de maintenir le site \u00e0 jour. Cependant, aucune garantie n&#8217;est apport\u00e9e concernant l&#8217;exactitude, la pr\u00e9cision, la mise \u00e0 jour ou l&#8217;exhaustivit\u00e9 des informations mises \u00e0 la disposition sur le site.<\/p>\n<p>Sans pr\u00e9judices des dispositions de l\u2019article 15 de la loi pour la confiance dans l\u2019\u00e9conomie num\u00e9rique du 22 juin 2004, Making-of d\u00e9cline toute responsabilit\u00e9 pour tous dommages, directs et indirects, de quelque nature qu\u2019ils soient, caus\u00e9s au syst\u00e8me informatique de l\u2019utilisateur, qui r\u00e9sulteraient de l\u2019acc\u00e8s\/ou de la navigation sur le site making-of.biz et\/ou qui r\u00e9sulteraient d\u2019une intrusion frauduleuse d\u2019un tiers ayant entrain\u00e9 une modification des informations mises \u00e0 disposition sur ce site.<\/p>\n<p>Par cons\u00e9quent et \u00e0 l&#8217;exception d&#8217;une faute lourde ou intentionnelle, Making-of d\u00e9cline toute responsabilit\u00e9 pour tout dommage r\u00e9sultant notamment d&#8217;une impr\u00e9cision ou inexactitude des informations disponibles sur notre site ou pour toute atteinte r\u00e9sultant d&#8217;une intrusion frauduleuse d&#8217;un tiers sur notre site avec l&#8217;intention de nuire aux int\u00e9r\u00eats ou \u00e0 l&#8217;image de Making-of notamment en d\u00e9naturant les informations r\u00e9pertori\u00e9es sur le site. La responsabilit\u00e9 de Making-of ne saurait \u00eatre retenue pour tout dommage ou virus qui pourrait endommager ou rendre inutilisable votre \u00e9quipement informatique suite \u00e0 la visite de notre site.<\/p>\n<h2>LIENS ET SITES MENTIONN\u00c9S SUR LE SITE<\/h2>\n<p>Le concepteur du site et son h\u00e9bergeur d\u00e9clinent toute responsabilit\u00e9 dans le contenu des sites li\u00e9s au site de l\u2019association (dont les liens URL figurent sur le site de l\u2019association ou les liens que d\u2019autres structures ont mis en place vers le site de l\u2019association) et ne saurait \u00eatre tenu pour responsable des dommages directs ou indirects cons\u00e9cutifs \u00e0 l\u2019acc\u00e8s ou l\u2019utilisation de ces sites.<\/p>\n<p>Afin de faciliter l&#8217;acc\u00e8s \u00e0 d&#8217;autres sites susceptibles d&#8217;apporter un compl\u00e9ment d&#8217;information, Making-of a ins\u00e9r\u00e9 dans son site un certain nombre de liens. N\u00e9anmoins, la responsabilit\u00e9 de Making-of ne saurait \u00eatre engag\u00e9e au titre d&#8217;un site tiers auquel vous auriez acc\u00e8s via notre Site. Making-of ne dispose d&#8217;aucun moyen de contr\u00f4le du contenu de ces sites tiers. En tout \u00e9tat de cause, Making-of n&#8217;est pas responsable de l&#8217;indisponibilit\u00e9 des sites, de leur contenu, publicit\u00e9 ou autres \u00e9l\u00e9ments disponibles sur des sites tiers. Des sites externes peuvent contenir des liens hypertextes pointant vers notre site. Un tel lien ne pourra \u00eatre install\u00e9 sans l&#8217;accord pr\u00e9alable et \u00e9crit de Making-of.<\/p>\n<h2>DISPOSITIONS JURIDICTIONNELLES<\/h2>\n<p>Le site et son contenu sont cr\u00e9\u00e9s conform\u00e9ment aux r\u00e8gles applicables en France. M\u00eame s&#8217;il est accessible par d&#8217;autres utilisateurs, le site et son contenu sont destin\u00e9s \u00e0 l&#8217;acc\u00e8s et l&#8217;utilisation des r\u00e9sidents fran\u00e7ais.<\/p>\n<h2>COPYRIGHT<\/h2>\n<p>Toutes les images, informations au sens large, marques, logos et noms de domaine figurant sur le site sont la propri\u00e9t\u00e9 de Making-of ou font l&#8217;objet d&#8217;une autorisation d&#8217;utilisation.<\/p>\n<p>Cr\u00e9dits photos : \u00c9ric Cuvillier &#8211; Guillaume Juliot &#8211; Patrick Juliot<\/p>\n<p>La mention suivante devra figurer sur toute copie de tout ou partie du contenu du site : &#8220;Copyright, Making-of, Tous droits r\u00e9serv\u00e9s&#8221;.<\/p>\n<p>Toute cession ou licence d&#8217;un des \u00e9l\u00e9ments constitutifs du site est soumise \u00e0 l&#8217;autorisation pr\u00e9alable et \u00e9crite de Making-of, tout contrevenant s&#8217;exposant \u00e0 des poursuites judiciaires.<\/p>\n\t\t\t\t\t\t<\/div>\n\t\t\t\t<\/div>\n\t\t\t\t\t<\/div>\n\t\t<\/div>\n\t\t\t\t\t<\/div>\n\t\t<\/section>\n\t\t\t\t<section class=\"elementor-section elementor-top-section elementor-element elementor-element-259c87a1 elementor-section-boxed elementor-section-height-default elementor-section-height-default\" data-id=\"259c87a1\" data-element_type=\"section\">\n\t\t\t\t\t\t<div class=\"elementor-container elementor-column-gap-default\">\n\t\t\t\t\t<div class=\"elementor-column elementor-col-100 elementor-top-column elementor-element elementor-element-3bfcc101\" data-id=\"3bfcc101\" data-element_type=\"column\">\n\t\t\t<div class=\"elementor-widget-wrap elementor-element-populated\">\n\t\t\t\t\t\t<div class=\"elementor-element elementor-element-7129f0b8 elementor-widget elementor-widget-spacer\" data-id=\"7129f0b8\" data-element_type=\"widget\" data-widget_type=\"spacer.default\">\n\t\t\t\t<div class=\"elementor-widget-container\">\n\t\t\t\t\t<div class=\"elementor-spacer\">\n\t\t\t<div class=\"elementor-spacer-inner\"><\/div>\n\t\t<\/div>\n\t\t\t\t<\/div>\n\t\t\t\t<\/div>\n\t\t\t\t\t<\/div>\n\t\t<\/div>\n\t\t\t\t\t<\/div>\n\t\t<\/section>\n\t\t\t\t<\/div>\n\t\t","protected":false},"excerpt":{"rendered":"<p>EN \u00c9DITEUR DU SITE Raison sociale : Making-of Si\u00e8ge social : 7, Place \u00cele de Beaut\u00e9, 06300 Nice T\u00e9l\u00e9phone : Directeur de publication : CONCEPTION ET H\u00c9BERGEMENT DU SITE Pix &amp; Associates 2 Avenue Notre Dame &#8211; 06000 Nice T\u00e9l: +33 (0)4 93 87 03 19 INFORMATIONS L\u00c9GALES Vous \u00eates en train de visiter un [&hellip;]<\/p>\n","protected":false},"author":1,"featured_media":0,"parent":0,"menu_order":0,"comment_status":"closed","ping_status":"closed","template":"","meta":{"footnotes":""},"yoast_head":"<!-- This site is optimized with the Yoast SEO plugin v22.5 - https:\/\/yoast.com\/wordpress\/plugins\/seo\/ -->\n<title>Legal notice - Making-Of Studio<\/title>\n<meta name=\"description\" content=\"The following legal notices apply to all Internet users visiting this site, please read them carefully before accessing the pages.\" \/>\n<meta name=\"robots\" content=\"index, follow, max-snippet:-1, max-image-preview:large, max-video-preview:-1\" \/>\n<link rel=\"canonical\" href=\"https:\/\/making-of.biz\/en\/legal-notice\/\" \/>\n<meta property=\"og:locale\" content=\"en_US\" \/>\n<meta property=\"og:type\" content=\"article\" \/>\n<meta property=\"og:title\" content=\"Legal notice - Making-Of Studio\" \/>\n<meta property=\"og:description\" content=\"The following legal notices apply to all Internet users visiting this site, please read them carefully before accessing the pages.\" \/>\n<meta property=\"og:url\" content=\"https:\/\/making-of.biz\/en\/legal-notice\/\" \/>\n<meta property=\"og:site_name\" content=\"Making-Of Studio\" \/>\n<meta property=\"article:modified_time\" content=\"2023-02-07T13:09:54+00:00\" \/>\n<meta name=\"twitter:card\" content=\"summary_large_image\" \/>\n<meta name=\"twitter:label1\" content=\"Est. reading time\" \/>\n\t<meta name=\"twitter:data1\" content=\"7 minutes\" \/>\n<script type=\"application\/ld+json\" class=\"yoast-schema-graph\">{\"@context\":\"https:\/\/schema.org\",\"@graph\":[{\"@type\":\"WebPage\",\"@id\":\"https:\/\/making-of.biz\/en\/legal-notice\/\",\"url\":\"https:\/\/making-of.biz\/en\/legal-notice\/\",\"name\":\"Legal notice - Making-Of Studio\",\"isPartOf\":{\"@id\":\"https:\/\/making-of.biz\/en\/#website\"},\"datePublished\":\"2018-10-24T16:30:54+00:00\",\"dateModified\":\"2023-02-07T13:09:54+00:00\",\"description\":\"The following legal notices apply to all Internet users visiting this site, please read them carefully before accessing the pages.\",\"breadcrumb\":{\"@id\":\"https:\/\/making-of.biz\/en\/legal-notice\/#breadcrumb\"},\"inLanguage\":\"en-US\",\"potentialAction\":[{\"@type\":\"ReadAction\",\"target\":[\"https:\/\/making-of.biz\/en\/legal-notice\/\"]}]},{\"@type\":\"BreadcrumbList\",\"@id\":\"https:\/\/making-of.biz\/en\/legal-notice\/#breadcrumb\",\"itemListElement\":[{\"@type\":\"ListItem\",\"position\":1,\"name\":\"Home\",\"item\":\"https:\/\/making-of.biz\/en\/\"},{\"@type\":\"ListItem\",\"position\":2,\"name\":\"Legal notice\"}]},{\"@type\":\"WebSite\",\"@id\":\"https:\/\/making-of.biz\/en\/#website\",\"url\":\"https:\/\/making-of.biz\/en\/\",\"name\":\"Making-Of Studio\",\"description\":\"\",\"potentialAction\":[{\"@type\":\"SearchAction\",\"target\":{\"@type\":\"EntryPoint\",\"urlTemplate\":\"https:\/\/making-of.biz\/en\/?s={search_term_string}\"},\"query-input\":\"required name=search_term_string\"}],\"inLanguage\":\"en-US\"}]}<\/script>\n<!-- \/ Yoast SEO plugin. -->","yoast_head_json":{"title":"Legal notice - Making-Of Studio","description":"The following legal notices apply to all Internet users visiting this site, please read them carefully before accessing the pages.","robots":{"index":"index","follow":"follow","max-snippet":"max-snippet:-1","max-image-preview":"max-image-preview:large","max-video-preview":"max-video-preview:-1"},"canonical":"https:\/\/making-of.biz\/en\/legal-notice\/","og_locale":"en_US","og_type":"article","og_title":"Legal notice - Making-Of Studio","og_description":"The following legal notices apply to all Internet users visiting this site, please read them carefully before accessing the pages.","og_url":"https:\/\/making-of.biz\/en\/legal-notice\/","og_site_name":"Making-Of Studio","article_modified_time":"2023-02-07T13:09:54+00:00","twitter_card":"summary_large_image","twitter_misc":{"Est. reading time":"7 minutes"},"schema":{"@context":"https:\/\/schema.org","@graph":[{"@type":"WebPage","@id":"https:\/\/making-of.biz\/en\/legal-notice\/","url":"https:\/\/making-of.biz\/en\/legal-notice\/","name":"Legal notice - Making-Of Studio","isPartOf":{"@id":"https:\/\/making-of.biz\/en\/#website"},"datePublished":"2018-10-24T16:30:54+00:00","dateModified":"2023-02-07T13:09:54+00:00","description":"The following legal notices apply to all Internet users visiting this site, please read them carefully before accessing the pages.","breadcrumb":{"@id":"https:\/\/making-of.biz\/en\/legal-notice\/#breadcrumb"},"inLanguage":"en-US","potentialAction":[{"@type":"ReadAction","target":["https:\/\/making-of.biz\/en\/legal-notice\/"]}]},{"@type":"BreadcrumbList","@id":"https:\/\/making-of.biz\/en\/legal-notice\/#breadcrumb","itemListElement":[{"@type":"ListItem","position":1,"name":"Home","item":"https:\/\/making-of.biz\/en\/"},{"@type":"ListItem","position":2,"name":"Legal notice"}]},{"@type":"WebSite","@id":"https:\/\/making-of.biz\/en\/#website","url":"https:\/\/making-of.biz\/en\/","name":"Making-Of Studio","description":"","potentialAction":[{"@type":"SearchAction","target":{"@type":"EntryPoint","urlTemplate":"https:\/\/making-of.biz\/en\/?s={search_term_string}"},"query-input":"required name=search_term_string"}],"inLanguage":"en-US"}]}},"_links":{"self":[{"href":"https:\/\/making-of.biz\/en\/wp-json\/wp\/v2\/pages\/1598"}],"collection":[{"href":"https:\/\/making-of.biz\/en\/wp-json\/wp\/v2\/pages"}],"about":[{"href":"https:\/\/making-of.biz\/en\/wp-json\/wp\/v2\/types\/page"}],"author":[{"embeddable":true,"href":"https:\/\/making-of.biz\/en\/wp-json\/wp\/v2\/users\/1"}],"replies":[{"embeddable":true,"href":"https:\/\/making-of.biz\/en\/wp-json\/wp\/v2\/comments?post=1598"}],"version-history":[{"count":5,"href":"https:\/\/making-of.biz\/en\/wp-json\/wp\/v2\/pages\/1598\/revisions"}],"predecessor-version":[{"id":3532,"href":"https:\/\/making-of.biz\/en\/wp-json\/wp\/v2\/pages\/1598\/revisions\/3532"}],"wp:attachment":[{"href":"https:\/\/making-of.biz\/en\/wp-json\/wp\/v2\/media?parent=1598"}],"curies":[{"name":"wp","href":"https:\/\/api.w.org\/{rel}","templated":true}]}}